{"id":132,"date":"2025-11-09T23:42:53","date_gmt":"2025-11-09T23:42:53","guid":{"rendered":"https:\/\/grupogiess.co\/?page_id=132"},"modified":"2025-11-09T23:46:03","modified_gmt":"2025-11-09T23:46:03","slug":"nuestra-empresa","status":"publish","type":"page","link":"https:\/\/grupogiess.co\/?page_id=132","title":{"rendered":"Nuestra Empresa"},"content":{"rendered":"<h1><strong>NUESTRA EMPRESA<\/strong><\/h1>\n<p>GIESS S.A.S., Es un Grupo Industrial y Empresarial creado con capital y esfuerzos ciento por ciento colombianos, el cual est\u00e1 proyectado para satisfacer necesidades en suministro de Productos, bienes y servicios como los son: \u201cALPHAN\u201d panader\u00eda Industrial, Suministro de Productos c\u00e1rnicos, Importaciones, Exportaciones, Suministro de v\u00edveres, Servicios de Operaci\u00f3n Log\u00edstica y administrativa.<\/p>\n","protected":false},"excerpt":{"rendered":"<p>NUESTRA EMPRESA GIESS S.A.S., Es un Grupo Industrial y Empresarial creado con capital y esfuerzos ciento por ciento colombianos, el cual est\u00e1 proyectado para satisfacer necesidades en suministro de Productos, bienes y servicios como los son: \u201cALPHAN\u201d panader\u00eda Industrial, Suministro de Productos c\u00e1rnicos, Importaciones, Exportaciones, Suministro de v\u00edveres, Servicios de Operaci\u00f3n Log\u00edstica y administrativa.<\/p>\n","protected":false},"author":1,"featured_media":0,"parent":56,"menu_order":0,"comment_status":"closed","ping_status":"closed","template":"","meta":{"footnotes":""},"class_list":["post-132","page","type-page","status-publish"],"_links":{"self":[{"href":"https:\/\/grupogiess.co\/index.php?rest_route=\/wp\/v2\/pages\/132","targetHints":{"allow":["GET"]}}],"collection":[{"href":"https:\/\/grupogiess.co\/index.php?rest_route=\/wp\/v2\/pages"}],"about":[{"href":"https:\/\/grupogiess.co\/index.php?rest_route=\/wp\/v2\/types\/page"}],"author":[{"embeddable":true,"href":"https:\/\/grupogiess.co\/index.php?rest_route=\/wp\/v2\/users\/1"}],"replies":[{"embeddable":true,"href":"https:\/\/grupogiess.co\/index.php?rest_route=%2Fwp%2Fv2%2Fcomments&post=132"}],"version-history":[{"count":1,"href":"https:\/\/grupogiess.co\/index.php?rest_route=\/wp\/v2\/pages\/132\/revisions"}],"predecessor-version":[{"id":133,"href":"https:\/\/grupogiess.co\/index.php?rest_route=\/wp\/v2\/pages\/132\/revisions\/133"}],"up":[{"embeddable":true,"href":"https:\/\/grupogiess.co\/index.php?rest_route=\/wp\/v2\/pages\/56"}],"wp:attachment":[{"href":"https:\/\/grupogiess.co\/index.php?rest_route=%2Fwp%2Fv2%2Fmedia&parent=132"}],"curies":[{"name":"wp","href":"https:\/\/api.w.org\/{rel}","templated":true}]}}