{"id":34,"date":"2025-11-09T17:12:17","date_gmt":"2025-11-09T17:12:17","guid":{"rendered":"https:\/\/grupogiess.co\/?page_id=34"},"modified":"2025-11-09T19:08:00","modified_gmt":"2025-11-09T19:08:00","slug":"calidad","status":"publish","type":"page","link":"https:\/\/grupogiess.co\/?page_id=34","title":{"rendered":"Calidad"},"content":{"rendered":"<h1><b>CALIDAD<\/b><\/h1>\n<p>GIESS S.A.S., es una empresa del sector Industrial y Comercial que practica de manera constante el desarrollo y fortalecimiento de todos sus procesos y procedimientos, como mecanismo de respuesta a las necesidades y expectativas de sus clientes internos y externos, por ende todos nuestros productos, bienes y servicios cumplen con los est\u00e1ndares de normas de calidad e inocuidad las cuales garantizan una adecuada gesti\u00f3n empresarial, que promueve el mejoramiento continuo de la compa\u00f1\u00eda y de sus integrantes.<\/p>\n<p>&nbsp;<\/p>\n<p style=\"text-align: center;\"><b><i>\u00a0\u00a1 Productos y servicios de la m\u00e1s alta calidad !<\/i><\/b><\/p>\n","protected":false},"excerpt":{"rendered":"<p>CALIDAD GIESS S.A.S., es una empresa del sector Industrial y Comercial que practica de manera constante el desarrollo y fortalecimiento de todos sus procesos y procedimientos, como mecanismo de respuesta a las necesidades y expectativas de sus clientes internos y externos, por ende todos nuestros productos, bienes y servicios cumplen con los est\u00e1ndares de normas &#8230; <a title=\"Calidad\" class=\"read-more\" href=\"https:\/\/grupogiess.co\/?page_id=34\" aria-label=\"Read more about Calidad\">Leer m\u00e1s<\/a><\/p>\n","protected":false},"author":1,"featured_media":0,"parent":0,"menu_order":0,"comment_status":"closed","ping_status":"closed","template":"","meta":{"footnotes":""},"class_list":["post-34","page","type-page","status-publish"],"_links":{"self":[{"href":"https:\/\/grupogiess.co\/index.php?rest_route=\/wp\/v2\/pages\/34","targetHints":{"allow":["GET"]}}],"collection":[{"href":"https:\/\/grupogiess.co\/index.php?rest_route=\/wp\/v2\/pages"}],"about":[{"href":"https:\/\/grupogiess.co\/index.php?rest_route=\/wp\/v2\/types\/page"}],"author":[{"embeddable":true,"href":"https:\/\/grupogiess.co\/index.php?rest_route=\/wp\/v2\/users\/1"}],"replies":[{"embeddable":true,"href":"https:\/\/grupogiess.co\/index.php?rest_route=%2Fwp%2Fv2%2Fcomments&post=34"}],"version-history":[{"count":3,"href":"https:\/\/grupogiess.co\/index.php?rest_route=\/wp\/v2\/pages\/34\/revisions"}],"predecessor-version":[{"id":74,"href":"https:\/\/grupogiess.co\/index.php?rest_route=\/wp\/v2\/pages\/34\/revisions\/74"}],"wp:attachment":[{"href":"https:\/\/grupogiess.co\/index.php?rest_route=%2Fwp%2Fv2%2Fmedia&parent=34"}],"curies":[{"name":"wp","href":"https:\/\/api.w.org\/{rel}","templated":true}]}}